{"id":156,"date":"2012-09-05T13:34:39","date_gmt":"2012-09-05T11:34:39","guid":{"rendered":"http:\/\/terraepopolo.noblogs.org\/?page_id=156"},"modified":"2012-09-05T13:37:47","modified_gmt":"2012-09-05T11:37:47","slug":"terra-e-popolo-manifesto-politico-un-movimento-che-nasce-dalle-idee","status":"publish","type":"page","link":"https:\/\/terraepopolo.noblogs.org\/?page_id=156","title":{"rendered":"Manifesto Politico &#8211; Un movimento che nasce dalle idee"},"content":{"rendered":"<p><a title=\"Il manifesto di Terra e Popolo\" href=\"https:\/\/terraepopolo.noblogs.org\/files\/2012\/02\/Manifesto.pdf\" target=\"_blank\">Scarica in formato PDF<\/a><\/p>\n<p style=\"text-align: center;\"><strong>Terra e Popolo<\/strong><\/p>\n<p style=\"text-align: right;\"><em>Manifesto Politico<\/em><\/p>\n<p style=\"text-align: justify;\">Il Movimento Politico di TERRA e POPOLO non \u00e8 il risultato di un compromesso tra potere e presentabilit\u00e0, fra proposte reali e proposte che vogliono solo raccogliere il consenso della gente, non \u00e8 un&#8217;accozzaglia di promesse elettorali.<\/p>\n<p style=\"text-align: justify;\">Il Manifesto di Terra e Popolo \u00e8 il risultato della discussione e del confronto tra coloro che partecipano alle assemblee di questo movimento.<\/p>\n<p>&nbsp;<\/p>\n<ul>\n<li><em><strong>\u00a0Un movimento che nasce dalle idee.<\/strong><\/em><\/li>\n<\/ul>\n<p style=\"text-align: justify;\">Il Movimento TERRA E POPOLO non nasce a ridosso delle elezioni perch\u00e9 non vuole replicare tanti altri fantomatici soggetti fondati sui calcoli elettorali e sugli interessi spiccioli. Vogliamo partire dalle idee e non dalle scadenze.<\/p>\n<p style=\"text-align: justify;\">Del resto, sotto i colpi della crisi economica che impone nuovi inaccettabili sacrifici alle popolazioni, riteniamo che non debbano essere messe in discussione semplicemente le caste politiche ed economiche, ma soprattutto le idee su cui esse hanno fondato le loro fortune e le nostre disgrazie, prima fra tutte quella del primato del mercato su ogni aspetto della vita: riteniamo il liberismo un&#8217;idea fallimentare ed iniqua.<\/p>\n<p style=\"text-align: justify;\">Il referendum di Giugno, da questo punto di vista ha segnato una svolta: la popolazione ha scelto liberamente di tutelare il bene comune e la salute, a scapito della demagogia mercatista e degli interessi degli speculatori energetici. Su questa scia intendiamo sviluppare una proposta politica complessiva per la nostra citt\u00e0.<\/p>\n","protected":false},"excerpt":{"rendered":"<p>Scarica in formato PDF Terra e Popolo Manifesto Politico Il Movimento Politico di TERRA e POPOLO non \u00e8 il risultato di un compromesso tra potere e presentabilit\u00e0, fra proposte reali e proposte che vogliono solo raccogliere il consenso della gente, &hellip; <a href=\"https:\/\/terraepopolo.noblogs.org\/?page_id=156\">Continua a leggere<span class=\"meta-nav\">&rarr;<\/span><\/a><\/p>\n","protected":false},"author":1569,"featured_media":0,"parent":2,"menu_order":2,"comment_status":"open","ping_status":"open","template":"","meta":{"footnotes":""},"class_list":["post-156","page","type-page","status-publish","hentry"],"_links":{"self":[{"href":"https:\/\/terraepopolo.noblogs.org\/index.php?rest_route=\/wp\/v2\/pages\/156","targetHints":{"allow":["GET"]}}],"collection":[{"href":"https:\/\/terraepopolo.noblogs.org\/index.php?rest_route=\/wp\/v2\/pages"}],"about":[{"href":"https:\/\/terraepopolo.noblogs.org\/index.php?rest_route=\/wp\/v2\/types\/page"}],"author":[{"embeddable":true,"href":"https:\/\/terraepopolo.noblogs.org\/index.php?rest_route=\/wp\/v2\/users\/1569"}],"replies":[{"embeddable":true,"href":"https:\/\/terraepopolo.noblogs.org\/index.php?rest_route=%2Fwp%2Fv2%2Fcomments&post=156"}],"version-history":[{"count":3,"href":"https:\/\/terraepopolo.noblogs.org\/index.php?rest_route=\/wp\/v2\/pages\/156\/revisions"}],"predecessor-version":[{"id":161,"href":"https:\/\/terraepopolo.noblogs.org\/index.php?rest_route=\/wp\/v2\/pages\/156\/revisions\/161"}],"up":[{"embeddable":true,"href":"https:\/\/terraepopolo.noblogs.org\/index.php?rest_route=\/wp\/v2\/pages\/2"}],"wp:attachment":[{"href":"https:\/\/terraepopolo.noblogs.org\/index.php?rest_route=%2Fwp%2Fv2%2Fmedia&parent=156"}],"curies":[{"name":"wp","href":"https:\/\/api.w.org\/{rel}","templated":true}]}}