{"id":160,"date":"2012-09-05T13:36:04","date_gmt":"2012-09-05T11:36:04","guid":{"rendered":"http:\/\/terraepopolo.noblogs.org\/?page_id=160"},"modified":"2012-09-05T13:37:51","modified_gmt":"2012-09-05T11:37:51","slug":"terra-e-popolo-manifesto-politico-disoccupazione-delle-poltrone-occupazione-della-nostra-gente","status":"publish","type":"page","link":"https:\/\/terraepopolo.noblogs.org\/?page_id=160","title":{"rendered":"Manifesto Politico &#8211; Disoccupazione delle poltrone. Occupazione della nostra gente"},"content":{"rendered":"<p><a title=\"Il manifesto di Terra e Popolo\" href=\"https:\/\/terraepopolo.noblogs.org\/files\/2012\/02\/Manifesto.pdf\" target=\"_blank\">Scarica in formato PDF<\/a><\/p>\n<p style=\"text-align: center;\"><strong>Terra e Popolo<\/strong><\/p>\n<p style=\"text-align: right;\"><em>Manifesto Politico<\/em><\/p>\n<p style=\"text-align: justify;\">Il Movimento Politico di TERRA e POPOLO non \u00e8 il risultato di un compromesso tra potere e presentabilit\u00e0, fra proposte reali e proposte che vogliono solo raccogliere il consenso della gente, non \u00e8 un&#8217;accozzaglia di promesse elettorali.<\/p>\n<p style=\"text-align: justify;\">Il Manifesto di Terra e Popolo \u00e8 il risultato della discussione e del confronto tra coloro che partecipano alle assemblee di questo movimento.<\/p>\n<ul>\n<li style=\"text-align: justify;\"><em><strong>\u00a0Disoccupazione delle poltrone, occupazione della nostra gente.<\/strong><\/em><\/li>\n<\/ul>\n<p style=\"text-align: justify;\">Qualsiasi proposta del Movimento TERRA E POPOLO parte da una base precisa: i bisogni della popolazione. Non possiamo ignorare che la disoccupazione sia l&#8217;argomento e la difficolt\u00e0 principale di ogni uomo e donna, giovani e non, soprattutto del meridione.<\/p>\n<p style=\"text-align: justify;\">Fino ad ora, per\u00f2, la disoccupazione \u00e8 stata sfruttata strumentalmente per tenerci sotto ricatto, rifilarci disastri, farci accettare qualsiasi cosa. \u00c8 evidente come in sessant&#8217;anni di ricatti, questi rimedi da stregoni con i quattrini hanno costantemente peggiorato la nostra situazione, senza risolvere alcun problema e senza offrire una prospettiva concreta al sud, alla Calabria, a Rossano.<\/p>\n<p style=\"text-align: justify;\">Non c&#8217;\u00e8 bisogno di grandi economisti o politici per comprendere una cosa: per uscire da questa crisi decennale dobbiamo creare un&#8217;economia che si basi su ci\u00f2 che abbiamo, e non su cosa ci portano o ci propongono da lontano.<\/p>\n","protected":false},"excerpt":{"rendered":"<p>Scarica in formato PDF Terra e Popolo Manifesto Politico Il Movimento Politico di TERRA e POPOLO non \u00e8 il risultato di un compromesso tra potere e presentabilit\u00e0, fra proposte reali e proposte che vogliono solo raccogliere il consenso della gente, &hellip; <a href=\"https:\/\/terraepopolo.noblogs.org\/?page_id=160\">Continua a leggere<span class=\"meta-nav\">&rarr;<\/span><\/a><\/p>\n","protected":false},"author":1569,"featured_media":0,"parent":2,"menu_order":3,"comment_status":"open","ping_status":"open","template":"","meta":{"footnotes":""},"class_list":["post-160","page","type-page","status-publish","hentry"],"_links":{"self":[{"href":"https:\/\/terraepopolo.noblogs.org\/index.php?rest_route=\/wp\/v2\/pages\/160","targetHints":{"allow":["GET"]}}],"collection":[{"href":"https:\/\/terraepopolo.noblogs.org\/index.php?rest_route=\/wp\/v2\/pages"}],"about":[{"href":"https:\/\/terraepopolo.noblogs.org\/index.php?rest_route=\/wp\/v2\/types\/page"}],"author":[{"embeddable":true,"href":"https:\/\/terraepopolo.noblogs.org\/index.php?rest_route=\/wp\/v2\/users\/1569"}],"replies":[{"embeddable":true,"href":"https:\/\/terraepopolo.noblogs.org\/index.php?rest_route=%2Fwp%2Fv2%2Fcomments&post=160"}],"version-history":[{"count":3,"href":"https:\/\/terraepopolo.noblogs.org\/index.php?rest_route=\/wp\/v2\/pages\/160\/revisions"}],"predecessor-version":[{"id":164,"href":"https:\/\/terraepopolo.noblogs.org\/index.php?rest_route=\/wp\/v2\/pages\/160\/revisions\/164"}],"up":[{"embeddable":true,"href":"https:\/\/terraepopolo.noblogs.org\/index.php?rest_route=\/wp\/v2\/pages\/2"}],"wp:attachment":[{"href":"https:\/\/terraepopolo.noblogs.org\/index.php?rest_route=%2Fwp%2Fv2%2Fmedia&parent=160"}],"curies":[{"name":"wp","href":"https:\/\/api.w.org\/{rel}","templated":true}]}}