{"id":163,"date":"2012-09-05T13:37:22","date_gmt":"2012-09-05T11:37:22","guid":{"rendered":"http:\/\/terraepopolo.noblogs.org\/?page_id=163"},"modified":"2012-09-05T13:37:55","modified_gmt":"2012-09-05T11:37:55","slug":"terra-e-popolo-manifesto-politico-servizio-pubblico-spreco-no-casta-politica-spreco","status":"publish","type":"page","link":"https:\/\/terraepopolo.noblogs.org\/?page_id=163","title":{"rendered":"Manifesto Politico &#8211; Servizio pubblico = spreco? No. Casta politica = spreco."},"content":{"rendered":"<p><a title=\"Il manifesto di Terra e Popolo\" href=\"https:\/\/terraepopolo.noblogs.org\/files\/2012\/02\/Manifesto.pdf\" target=\"_blank\">Scarica in formato PDF<\/a><\/p>\n<p style=\"text-align: center;\"><strong>Terra e Popolo<\/strong><\/p>\n<p style=\"text-align: right;\"><em>Manifesto Politico<\/em><\/p>\n<p style=\"text-align: justify;\">Il Movimento Politico di TERRA e POPOLO non \u00e8 il risultato di un compromesso tra potere e presentabilit\u00e0, fra proposte reali e proposte che vogliono solo raccogliere il consenso della gente, non \u00e8 un&#8217;accozzaglia di promesse elettorali.<\/p>\n<p style=\"text-align: justify;\">Il Manifesto di Terra e Popolo \u00e8 il risultato della discussione e del confronto tra coloro che partecipano alle assemblee di questo movimento.<\/p>\n<ul>\n<li><em><strong>\u00a0Servizio pubblico = spreco? No.<\/strong><\/em><\/li>\n<\/ul>\n<p><em><strong>Casta politica = spreco!<\/strong><\/em><\/p>\n<p style=\"text-align: justify;\">Probabilmente la parola d&#8217;ordine pi\u00f9 importante del movimento TERRA E POPOLO \u00e8 Servizio Pubblico.<\/p>\n<p style=\"text-align: justify;\">In questi anni abbiamo assistito, tanto a livello locale quanto nazionale, ad una serie di processi di smantellamento del sistema pubblico attraverso tagli, privatizzazioni, esternalizzazioni, partecipazioni pubblico-privato.<\/p>\n<p style=\"text-align: justify;\">Il pretesto con cui si smantella il Sistema Pubblico \u00e8 che questo costa troppo ed \u00e8 pieno di sprechi, ed \u00e8 vero, ma \u00e8 paradossale che quella stessa classe politica che ha usato per anni il sistema pubblico per produrre clientelismo e voto di scambio, ora lo smantelli lamentandosene. Dovrebbe smantellare se stessa.<\/p>\n<p style=\"text-align: justify;\">Quali risultati sta producendo per i cittadini questo processo? Nel 99% dei casi i servizi privatizzati o sottratti al controllo pubblico non sono affatto migliorati, mentre i costi per i cittadini sono costantemente aumentati. Alcuni casi sono eclatanti: la gestione dell&#8217;acqua, la posta, i rifiuti. Basti pensare, a mo di esempio, alla Sibaritde S.p.a. per la gestione dei rifiuti delle citt\u00e0 del Golfo di Sibari per comprendere di quale fallimento stiamo parlando. Operazioni fallite, ma che stanno fruttando miliardi di euro ai soliti noti, molto spesso legati a doppio filo con quella stessa classe politica che andrebbe smantellata.<\/p>\n<p style=\"text-align: justify;\">La politica ed una democrazia reale hanno il dovere di gestire beni e servizi per le collettivit\u00e0, non il mercato, ed \u00e8 la collettivit\u00e0 che deve controllare e verificare che queste gestioni funzionino. Ecco perch\u00e9 la ripubblicizzazione progressiva dei servizi \u00e8 propedeutica a qualsiasi altra soluzione o proposta di sviluppo per il nostro territorio.<\/p>\n","protected":false},"excerpt":{"rendered":"<p>Scarica in formato PDF Terra e Popolo Manifesto Politico Il Movimento Politico di TERRA e POPOLO non \u00e8 il risultato di un compromesso tra potere e presentabilit\u00e0, fra proposte reali e proposte che vogliono solo raccogliere il consenso della gente, &hellip; <a href=\"https:\/\/terraepopolo.noblogs.org\/?page_id=163\">Continua a leggere<span class=\"meta-nav\">&rarr;<\/span><\/a><\/p>\n","protected":false},"author":1569,"featured_media":0,"parent":2,"menu_order":4,"comment_status":"open","ping_status":"open","template":"","meta":{"footnotes":""},"class_list":["post-163","page","type-page","status-publish","hentry"],"_links":{"self":[{"href":"https:\/\/terraepopolo.noblogs.org\/index.php?rest_route=\/wp\/v2\/pages\/163","targetHints":{"allow":["GET"]}}],"collection":[{"href":"https:\/\/terraepopolo.noblogs.org\/index.php?rest_route=\/wp\/v2\/pages"}],"about":[{"href":"https:\/\/terraepopolo.noblogs.org\/index.php?rest_route=\/wp\/v2\/types\/page"}],"author":[{"embeddable":true,"href":"https:\/\/terraepopolo.noblogs.org\/index.php?rest_route=\/wp\/v2\/users\/1569"}],"replies":[{"embeddable":true,"href":"https:\/\/terraepopolo.noblogs.org\/index.php?rest_route=%2Fwp%2Fv2%2Fcomments&post=163"}],"version-history":[{"count":2,"href":"https:\/\/terraepopolo.noblogs.org\/index.php?rest_route=\/wp\/v2\/pages\/163\/revisions"}],"predecessor-version":[{"id":168,"href":"https:\/\/terraepopolo.noblogs.org\/index.php?rest_route=\/wp\/v2\/pages\/163\/revisions\/168"}],"up":[{"embeddable":true,"href":"https:\/\/terraepopolo.noblogs.org\/index.php?rest_route=\/wp\/v2\/pages\/2"}],"wp:attachment":[{"href":"https:\/\/terraepopolo.noblogs.org\/index.php?rest_route=%2Fwp%2Fv2%2Fmedia&parent=163"}],"curies":[{"name":"wp","href":"https:\/\/api.w.org\/{rel}","templated":true}]}}