{"id":172,"date":"2012-09-05T13:40:57","date_gmt":"2012-09-05T11:40:57","guid":{"rendered":"http:\/\/terraepopolo.noblogs.org\/?page_id=172"},"modified":"2012-09-05T13:40:57","modified_gmt":"2012-09-05T11:40:57","slug":"manifesto-politico-treni-della-speranza-no-grazie-vogliamo-treni-reali","status":"publish","type":"page","link":"https:\/\/terraepopolo.noblogs.org\/?page_id=172","title":{"rendered":"Manifesto Politico &#8211; Treni della speranza? No grazie, vogliamo treni reali."},"content":{"rendered":"<p><a title=\"Il manifesto di Terra e Popolo\" href=\"https:\/\/terraepopolo.noblogs.org\/files\/2012\/02\/Manifesto.pdf\" target=\"_blank\">Scarica in formato PDF<\/a><\/p>\n<p style=\"text-align: center;\"><strong>Terra e Popolo<\/strong><\/p>\n<p style=\"text-align: right;\"><em>Manifesto Politico<\/em><\/p>\n<p style=\"text-align: justify;\">Il Movimento Politico di TERRA e POPOLO non \u00e8 il risultato di un compromesso tra potere e presentabilit\u00e0, fra proposte reali e proposte che vogliono solo raccogliere il consenso della gente, non \u00e8 un&#8217;accozzaglia di promesse elettorali.<\/p>\n<p style=\"text-align: justify;\">Il Manifesto di Terra e Popolo \u00e8 il risultato della discussione e del confronto tra coloro che partecipano alle assemblee di questo movimento.<\/p>\n<ul>\n<li style=\"text-align: justify;\"><em><strong>\u00a0Treni della speranza? No grazie, vogliamo treni reali.<\/strong><\/em><\/li>\n<\/ul>\n<p style=\"text-align: justify;\">Ogni prospettiva di sviluppo nella nostra regione e nel nostro territorio \u00e8 impedita da una situazione infrastrutturale penosa.<\/p>\n<p style=\"text-align: justify;\">I Governi nazionali, regionali e comunali degli ultimi trent&#8217;anni, da destra a sinistra, sono responsabili di un nuovo saccheggio ed impoverimento del sud, con particolare riferimento al nostro territorio ed a tutta la fascia ionica calabrese: non c&#8217;\u00e8 stato nessun intervento strutturale ad una rete di trasporti gi\u00e0 storicamente in difficolt\u00e0 ed ormai da terzo mondo.<\/p>\n<p style=\"text-align: justify;\">I riferimenti sono chiari ed incontrovertibili. I lavori della Salerno &#8211; Reggio Calabria non termineranno probabilmente mai: per ora si parla del 2020. La statale 106, unica arteria per gomma dello Ionio \u00e8 a tratti una mulattiera.<\/p>\n<p style=\"text-align: justify;\">La linea ferroviaria ionica \u00e8 quasi un binario morto, percorso da diligenze da far west. In tutto questo politica, &#8216;ndrangheta e speculatori del cemento hanno ingoiato e divorato l&#8217;impossibile, di soldi nostri. Tutto questo \u00e8 intollerabile.<\/p>\n<p style=\"text-align: justify;\">A partire proprio dalla nostra citt\u00e0, intendiamo stimolare un processo popolare e istituzionale di indignazione e pressione, che induca passo passo un programma di interventi strutturali ed investimenti pubblici per una nuova rete di infrastrutture sulla fascia ionica della Calabria, potenziando e ammodernando le ferrovie, riaprendo le stazioni, mettendo in sicurezza ed a norma la statale 106, come inizio di una nuova era per i nostri territori. Per farlo non \u00e8 necessario avere la lampada di Aladino, ma schiodare e mettere spalle alle muro chi in questi anni ha sprecato e mangiato il denaro pubblico. Schiodare anche i tanti che hanno utilizzato, e continuano ad utilizzare, il tema delle infrastrutture solo come leva per ottenere visibilit\u00e0 quando si \u00e8 fuori dalle maggioranze e dai Governi, per poi dimenticare tutto una volta nei palazzi del potere, come si \u00e8 fatto per decenni.<\/p>\n<p style=\"text-align: justify;\">Un piano infrastrutturale serio e che parta dai bisogni della popolazione, non fatto di cattedrali del deserto inutili che la classe politica prende a cuore solo per favorire interessi particolari. Gli esempi sono decine, come quello dei porti turistici di cui la costa calabra \u00e8 satura, i quali non hanno prodotto nessuno sviluppo e portano nomi e cognomi di proprietari terrieri, imprenditori o &#8216;ndranghetisti.<\/p>\n","protected":false},"excerpt":{"rendered":"<p>Scarica in formato PDF Terra e Popolo Manifesto Politico Il Movimento Politico di TERRA e POPOLO non \u00e8 il risultato di un compromesso tra potere e presentabilit\u00e0, fra proposte reali e proposte che vogliono solo raccogliere il consenso della gente, &hellip; <a href=\"https:\/\/terraepopolo.noblogs.org\/?page_id=172\">Continua a leggere<span class=\"meta-nav\">&rarr;<\/span><\/a><\/p>\n","protected":false},"author":1569,"featured_media":0,"parent":2,"menu_order":6,"comment_status":"open","ping_status":"open","template":"","meta":{"footnotes":""},"class_list":["post-172","page","type-page","status-publish","hentry"],"_links":{"self":[{"href":"https:\/\/terraepopolo.noblogs.org\/index.php?rest_route=\/wp\/v2\/pages\/172","targetHints":{"allow":["GET"]}}],"collection":[{"href":"https:\/\/terraepopolo.noblogs.org\/index.php?rest_route=\/wp\/v2\/pages"}],"about":[{"href":"https:\/\/terraepopolo.noblogs.org\/index.php?rest_route=\/wp\/v2\/types\/page"}],"author":[{"embeddable":true,"href":"https:\/\/terraepopolo.noblogs.org\/index.php?rest_route=\/wp\/v2\/users\/1569"}],"replies":[{"embeddable":true,"href":"https:\/\/terraepopolo.noblogs.org\/index.php?rest_route=%2Fwp%2Fv2%2Fcomments&post=172"}],"version-history":[{"count":2,"href":"https:\/\/terraepopolo.noblogs.org\/index.php?rest_route=\/wp\/v2\/pages\/172\/revisions"}],"predecessor-version":[{"id":176,"href":"https:\/\/terraepopolo.noblogs.org\/index.php?rest_route=\/wp\/v2\/pages\/172\/revisions\/176"}],"up":[{"embeddable":true,"href":"https:\/\/terraepopolo.noblogs.org\/index.php?rest_route=\/wp\/v2\/pages\/2"}],"wp:attachment":[{"href":"https:\/\/terraepopolo.noblogs.org\/index.php?rest_route=%2Fwp%2Fv2%2Fmedia&parent=172"}],"curies":[{"name":"wp","href":"https:\/\/api.w.org\/{rel}","templated":true}]}}