{"id":180,"date":"2012-09-05T13:44:31","date_gmt":"2012-09-05T11:44:31","guid":{"rendered":"http:\/\/terraepopolo.noblogs.org\/?page_id=180"},"modified":"2012-09-05T13:44:31","modified_gmt":"2012-09-05T11:44:31","slug":"manifesto-politico-il-centro-storico-la-risorsa-piu-grande","status":"publish","type":"page","link":"https:\/\/terraepopolo.noblogs.org\/?page_id=180","title":{"rendered":"Manifesto Politico &#8211; Il centro storico, la risorsa pi\u00f9 grande."},"content":{"rendered":"<p><a title=\"Il manifesto di Terra e Popolo\" href=\"https:\/\/terraepopolo.noblogs.org\/files\/2012\/02\/Manifesto.pdf\" target=\"_blank\">Scarica in formato PDF<\/a><\/p>\n<p style=\"text-align: center;\"><strong>Terra e Popolo<\/strong><\/p>\n<p style=\"text-align: right;\"><em>Manifesto Politico<\/em><\/p>\n<p style=\"text-align: justify;\">Il Movimento Politico di TERRA e POPOLO non \u00e8 il risultato di un compromesso tra potere e presentabilit\u00e0, fra proposte reali e proposte che vogliono solo raccogliere il consenso della gente, non \u00e8 un&#8217;accozzaglia di promesse elettorali.<\/p>\n<p style=\"text-align: justify;\">Il Manifesto di Terra e Popolo \u00e8 il risultato della discussione e del confronto tra coloro che partecipano alle assemblee di questo movimento.<\/p>\n<ul>\n<li style=\"text-align: justify;\"><em><strong>\u00a0Il centro storico, la risorsa piu&#8217; grande.<\/strong><\/em><\/li>\n<\/ul>\n<p style=\"text-align: justify;\">Quante volte abbiamo sentito nelle campagne elettorali parlare della riqualificazione del centro storico? Quante volte le promesse sono state mantenute?<\/p>\n<p style=\"text-align: justify;\">Il centro storico \u00e8 il vero e proprio valore aggiunto di un progetto che vuole sviluppare il nostro paese e valorizzare le nostre risorse. \u00c8 evidente, invece, che il centro storico e le migliaia di cittadini che vi vivono e lavorano, offrono ben poco ad una cricca di speculatori e relativi governanti. Ecco perch\u00e9 fino ad ora il centro storico \u00e8 stato sistematicamente abbandonato.<\/p>\n<p style=\"text-align: justify;\">Il centro storico non pu\u00f2 vivere attraverso l&#8217;iniezione artificiale di turismo sporadico e iniziative senza nessun seguito. Attraverso la riqualificazione urbanistica e degli spazi pubblici, nonch\u00e9 la creazione ed il rafforzamento del tessuto commerciale e artigianale, Rossano Centro deve diventare il centro nevralgico della nostra economia.<\/p>\n","protected":false},"excerpt":{"rendered":"<p>Scarica in formato PDF Terra e Popolo Manifesto Politico Il Movimento Politico di TERRA e POPOLO non \u00e8 il risultato di un compromesso tra potere e presentabilit\u00e0, fra proposte reali e proposte che vogliono solo raccogliere il consenso della gente, &hellip; <a href=\"https:\/\/terraepopolo.noblogs.org\/?page_id=180\">Continua a leggere<span class=\"meta-nav\">&rarr;<\/span><\/a><\/p>\n","protected":false},"author":1569,"featured_media":0,"parent":2,"menu_order":9,"comment_status":"open","ping_status":"open","template":"","meta":{"footnotes":""},"class_list":["post-180","page","type-page","status-publish","hentry"],"_links":{"self":[{"href":"https:\/\/terraepopolo.noblogs.org\/index.php?rest_route=\/wp\/v2\/pages\/180","targetHints":{"allow":["GET"]}}],"collection":[{"href":"https:\/\/terraepopolo.noblogs.org\/index.php?rest_route=\/wp\/v2\/pages"}],"about":[{"href":"https:\/\/terraepopolo.noblogs.org\/index.php?rest_route=\/wp\/v2\/types\/page"}],"author":[{"embeddable":true,"href":"https:\/\/terraepopolo.noblogs.org\/index.php?rest_route=\/wp\/v2\/users\/1569"}],"replies":[{"embeddable":true,"href":"https:\/\/terraepopolo.noblogs.org\/index.php?rest_route=%2Fwp%2Fv2%2Fcomments&post=180"}],"version-history":[{"count":2,"href":"https:\/\/terraepopolo.noblogs.org\/index.php?rest_route=\/wp\/v2\/pages\/180\/revisions"}],"predecessor-version":[{"id":185,"href":"https:\/\/terraepopolo.noblogs.org\/index.php?rest_route=\/wp\/v2\/pages\/180\/revisions\/185"}],"up":[{"embeddable":true,"href":"https:\/\/terraepopolo.noblogs.org\/index.php?rest_route=\/wp\/v2\/pages\/2"}],"wp:attachment":[{"href":"https:\/\/terraepopolo.noblogs.org\/index.php?rest_route=%2Fwp%2Fv2%2Fmedia&parent=180"}],"curies":[{"name":"wp","href":"https:\/\/api.w.org\/{rel}","templated":true}]}}