{"id":194,"date":"2012-09-10T15:59:26","date_gmt":"2012-09-10T13:59:26","guid":{"rendered":"http:\/\/terraepopolo.noblogs.org\/?page_id=194"},"modified":"2013-02-13T14:51:29","modified_gmt":"2013-02-13T13:51:29","slug":"la-presa-del-treno-perduto","status":"publish","type":"page","link":"https:\/\/terraepopolo.noblogs.org\/?page_id=194","title":{"rendered":"LA PRESA DEL TRENO PERDUTO"},"content":{"rendered":"<h2>Atto II &#8211; 16 Febbraio 2013<\/h2>\n<p><a href=\"https:\/\/terraepopolo.noblogs.org\/files\/2013\/02\/webversion.jpg\"><img loading=\"lazy\" decoding=\"async\" class=\"alignleft  wp-image-511\" alt=\"webversion\" src=\"https:\/\/terraepopolo.noblogs.org\/files\/2013\/02\/webversion.jpg\" width=\"306\" height=\"428\" srcset=\"https:\/\/terraepopolo.noblogs.org\/files\/2013\/02\/webversion.jpg 1417w, https:\/\/terraepopolo.noblogs.org\/files\/2013\/02\/webversion-214x300.jpg 214w, https:\/\/terraepopolo.noblogs.org\/files\/2013\/02\/webversion-731x1024.jpg 731w\" sizes=\"auto, (max-width: 306px) 100vw, 306px\" \/><\/a><\/p>\n<p><a href=\"https:\/\/terraepopolo.noblogs.org\/?page_id=504\">Comunicato di Lancio<\/a><\/p>\n<p><a href=\"https:\/\/terraepopolo.noblogs.org\/?page_id=509\">Locandina<\/a><\/p>\n<p><a href=\"https:\/\/terraepopolo.noblogs.org\/?page_id=514\">Materiale per Social Network e da stampare e diffondere<\/a><\/p>\n<h2><\/h2>\n<h2><\/h2>\n<h2><\/h2>\n<h2><\/h2>\n<h2><\/h2>\n<h2>Atto I &#8211; 15 Settembre 2012<\/h2>\n<p><strong>[Galleria Fotografica]<\/strong><\/p>\n<div id='gallery-1' class='gallery galleryid-194 gallery-columns-3 gallery-size-thumbnail'><dl class='gallery-item'>\n\t\t\t<dt class='gallery-icon landscape'>\n\t\t\t\t<a href='https:\/\/terraepopolo.noblogs.org\/?attachment_id=214'><img loading=\"lazy\" decoding=\"async\" width=\"150\" height=\"150\" src=\"https:\/\/terraepopolo.noblogs.org\/files\/2012\/09\/banner1-150x150.jpg\" class=\"attachment-thumbnail size-thumbnail\" alt=\"\" \/><\/a>\n\t\t\t<\/dt><\/dl><dl class='gallery-item'>\n\t\t\t<dt class='gallery-icon landscape'>\n\t\t\t\t<a href='https:\/\/terraepopolo.noblogs.org\/?attachment_id=258'><img loading=\"lazy\" decoding=\"async\" width=\"150\" height=\"150\" src=\"https:\/\/terraepopolo.noblogs.org\/files\/2012\/09\/1_foto11-150x150.jpg\" class=\"attachment-thumbnail size-thumbnail\" alt=\"\" \/><\/a>\n\t\t\t<\/dt><\/dl><dl class='gallery-item'>\n\t\t\t<dt class='gallery-icon portrait'>\n\t\t\t\t<a href='https:\/\/terraepopolo.noblogs.org\/?attachment_id=259'><img loading=\"lazy\" decoding=\"async\" width=\"150\" height=\"150\" src=\"https:\/\/terraepopolo.noblogs.org\/files\/2012\/09\/Foto-1-150x150.jpg\" class=\"attachment-thumbnail size-thumbnail\" alt=\"\" \/><\/a>\n\t\t\t<\/dt><\/dl><br style=\"clear: both\" \/><dl class='gallery-item'>\n\t\t\t<dt class='gallery-icon portrait'>\n\t\t\t\t<a href='https:\/\/terraepopolo.noblogs.org\/?attachment_id=260'><img loading=\"lazy\" decoding=\"async\" width=\"150\" height=\"150\" src=\"https:\/\/terraepopolo.noblogs.org\/files\/2012\/09\/foto31-150x150.jpg\" class=\"attachment-thumbnail size-thumbnail\" alt=\"\" \/><\/a>\n\t\t\t<\/dt><\/dl><dl class='gallery-item'>\n\t\t\t<dt class='gallery-icon portrait'>\n\t\t\t\t<a href='https:\/\/terraepopolo.noblogs.org\/?attachment_id=261'><img loading=\"lazy\" decoding=\"async\" width=\"150\" height=\"150\" src=\"https:\/\/terraepopolo.noblogs.org\/files\/2012\/09\/foto41-150x150.jpg\" class=\"attachment-thumbnail size-thumbnail\" alt=\"\" \/><\/a>\n\t\t\t<\/dt><\/dl><dl class='gallery-item'>\n\t\t\t<dt class='gallery-icon portrait'>\n\t\t\t\t<a href='https:\/\/terraepopolo.noblogs.org\/?attachment_id=262'><img loading=\"lazy\" decoding=\"async\" width=\"150\" height=\"150\" src=\"https:\/\/terraepopolo.noblogs.org\/files\/2012\/09\/foto5-150x150.jpg\" class=\"attachment-thumbnail size-thumbnail\" alt=\"\" \/><\/a>\n\t\t\t<\/dt><\/dl><br style=\"clear: both\" \/><dl class='gallery-item'>\n\t\t\t<dt class='gallery-icon landscape'>\n\t\t\t\t<a href='https:\/\/terraepopolo.noblogs.org\/?attachment_id=263'><img loading=\"lazy\" decoding=\"async\" width=\"150\" height=\"150\" src=\"https:\/\/terraepopolo.noblogs.org\/files\/2012\/09\/foto71-150x150.jpg\" class=\"attachment-thumbnail size-thumbnail\" alt=\"\" \/><\/a>\n\t\t\t<\/dt><\/dl><dl class='gallery-item'>\n\t\t\t<dt class='gallery-icon landscape'>\n\t\t\t\t<a href='https:\/\/terraepopolo.noblogs.org\/?attachment_id=264'><img loading=\"lazy\" decoding=\"async\" width=\"150\" height=\"150\" src=\"https:\/\/terraepopolo.noblogs.org\/files\/2012\/09\/foto81-150x150.jpg\" class=\"attachment-thumbnail size-thumbnail\" alt=\"\" \/><\/a>\n\t\t\t<\/dt><\/dl><dl class='gallery-item'>\n\t\t\t<dt class='gallery-icon portrait'>\n\t\t\t\t<a href='https:\/\/terraepopolo.noblogs.org\/?attachment_id=265'><img loading=\"lazy\" decoding=\"async\" width=\"150\" height=\"150\" src=\"https:\/\/terraepopolo.noblogs.org\/files\/2012\/09\/foto91-150x150.jpg\" class=\"attachment-thumbnail size-thumbnail\" alt=\"\" \/><\/a>\n\t\t\t<\/dt><\/dl><br style=\"clear: both\" \/><dl class='gallery-item'>\n\t\t\t<dt class='gallery-icon landscape'>\n\t\t\t\t<a href='https:\/\/terraepopolo.noblogs.org\/?attachment_id=266'><img loading=\"lazy\" decoding=\"async\" width=\"150\" height=\"150\" src=\"https:\/\/terraepopolo.noblogs.org\/files\/2012\/09\/foto101-150x150.jpg\" class=\"attachment-thumbnail size-thumbnail\" alt=\"\" \/><\/a>\n\t\t\t<\/dt><\/dl><dl class='gallery-item'>\n\t\t\t<dt class='gallery-icon portrait'>\n\t\t\t\t<a href='https:\/\/terraepopolo.noblogs.org\/?attachment_id=267'><img loading=\"lazy\" decoding=\"async\" width=\"150\" height=\"150\" src=\"https:\/\/terraepopolo.noblogs.org\/files\/2012\/09\/foto111-150x150.jpg\" class=\"attachment-thumbnail size-thumbnail\" alt=\"\" \/><\/a>\n\t\t\t<\/dt><\/dl><dl class='gallery-item'>\n\t\t\t<dt class='gallery-icon landscape'>\n\t\t\t\t<a href='https:\/\/terraepopolo.noblogs.org\/?attachment_id=268'><img loading=\"lazy\" decoding=\"async\" width=\"150\" height=\"150\" src=\"https:\/\/terraepopolo.noblogs.org\/files\/2012\/09\/foto121-150x150.jpg\" class=\"attachment-thumbnail size-thumbnail\" alt=\"\" \/><\/a>\n\t\t\t<\/dt><\/dl><br style=\"clear: both\" \/><dl class='gallery-item'>\n\t\t\t<dt class='gallery-icon portrait'>\n\t\t\t\t<a href='https:\/\/terraepopolo.noblogs.org\/?attachment_id=269'><img loading=\"lazy\" decoding=\"async\" width=\"150\" height=\"150\" src=\"https:\/\/terraepopolo.noblogs.org\/files\/2012\/09\/foto131-150x150.jpg\" class=\"attachment-thumbnail size-thumbnail\" alt=\"\" \/><\/a>\n\t\t\t<\/dt><\/dl><dl class='gallery-item'>\n\t\t\t<dt class='gallery-icon landscape'>\n\t\t\t\t<a href='https:\/\/terraepopolo.noblogs.org\/?attachment_id=270'><img loading=\"lazy\" decoding=\"async\" width=\"150\" height=\"150\" src=\"https:\/\/terraepopolo.noblogs.org\/files\/2012\/09\/foto141-150x150.jpg\" class=\"attachment-thumbnail size-thumbnail\" alt=\"\" \/><\/a>\n\t\t\t<\/dt><\/dl><dl class='gallery-item'>\n\t\t\t<dt class='gallery-icon landscape'>\n\t\t\t\t<a href='https:\/\/terraepopolo.noblogs.org\/?attachment_id=271'><img loading=\"lazy\" decoding=\"async\" width=\"150\" height=\"150\" src=\"https:\/\/terraepopolo.noblogs.org\/files\/2012\/09\/foto151-150x150.jpg\" class=\"attachment-thumbnail size-thumbnail\" alt=\"\" \/><\/a>\n\t\t\t<\/dt><\/dl><br style=\"clear: both\" \/><dl class='gallery-item'>\n\t\t\t<dt class='gallery-icon portrait'>\n\t\t\t\t<a href='https:\/\/terraepopolo.noblogs.org\/?attachment_id=272'><img loading=\"lazy\" decoding=\"async\" width=\"150\" height=\"150\" src=\"https:\/\/terraepopolo.noblogs.org\/files\/2012\/09\/foto161-150x150.jpg\" class=\"attachment-thumbnail size-thumbnail\" alt=\"\" \/><\/a>\n\t\t\t<\/dt><\/dl><dl class='gallery-item'>\n\t\t\t<dt class='gallery-icon landscape'>\n\t\t\t\t<a href='https:\/\/terraepopolo.noblogs.org\/?attachment_id=273'><img loading=\"lazy\" decoding=\"async\" width=\"150\" height=\"150\" src=\"https:\/\/terraepopolo.noblogs.org\/files\/2012\/09\/foto171-150x150.jpg\" class=\"attachment-thumbnail size-thumbnail\" alt=\"\" \/><\/a>\n\t\t\t<\/dt><\/dl><dl class='gallery-item'>\n\t\t\t<dt class='gallery-icon landscape'>\n\t\t\t\t<a href='https:\/\/terraepopolo.noblogs.org\/?attachment_id=274'><img loading=\"lazy\" decoding=\"async\" width=\"150\" height=\"150\" src=\"https:\/\/terraepopolo.noblogs.org\/files\/2012\/09\/foto181-150x150.jpg\" class=\"attachment-thumbnail size-thumbnail\" alt=\"\" \/><\/a>\n\t\t\t<\/dt><\/dl><br style=\"clear: both\" \/><dl class='gallery-item'>\n\t\t\t<dt class='gallery-icon landscape'>\n\t\t\t\t<a href='https:\/\/terraepopolo.noblogs.org\/?attachment_id=275'><img loading=\"lazy\" decoding=\"async\" width=\"150\" height=\"150\" src=\"https:\/\/terraepopolo.noblogs.org\/files\/2012\/09\/foto191-150x150.jpg\" class=\"attachment-thumbnail size-thumbnail\" alt=\"\" \/><\/a>\n\t\t\t<\/dt><\/dl><dl class='gallery-item'>\n\t\t\t<dt class='gallery-icon landscape'>\n\t\t\t\t<a href='https:\/\/terraepopolo.noblogs.org\/?attachment_id=276'><img loading=\"lazy\" decoding=\"async\" width=\"150\" height=\"150\" src=\"https:\/\/terraepopolo.noblogs.org\/files\/2012\/09\/foto201-150x150.jpg\" class=\"attachment-thumbnail size-thumbnail\" alt=\"\" \/><\/a>\n\t\t\t<\/dt><\/dl><dl class='gallery-item'>\n\t\t\t<dt class='gallery-icon landscape'>\n\t\t\t\t<a href='https:\/\/terraepopolo.noblogs.org\/?attachment_id=277'><img loading=\"lazy\" decoding=\"async\" width=\"150\" height=\"150\" src=\"https:\/\/terraepopolo.noblogs.org\/files\/2012\/09\/foto211-150x150.jpg\" class=\"attachment-thumbnail size-thumbnail\" alt=\"\" \/><\/a>\n\t\t\t<\/dt><\/dl><br style=\"clear: both\" \/><dl class='gallery-item'>\n\t\t\t<dt class='gallery-icon landscape'>\n\t\t\t\t<a href='https:\/\/terraepopolo.noblogs.org\/?attachment_id=278'><img loading=\"lazy\" decoding=\"async\" width=\"150\" height=\"150\" src=\"https:\/\/terraepopolo.noblogs.org\/files\/2012\/09\/foto221-150x150.jpg\" class=\"attachment-thumbnail size-thumbnail\" alt=\"\" \/><\/a>\n\t\t\t<\/dt><\/dl><dl class='gallery-item'>\n\t\t\t<dt class='gallery-icon landscape'>\n\t\t\t\t<a href='https:\/\/terraepopolo.noblogs.org\/?attachment_id=279'><img loading=\"lazy\" decoding=\"async\" width=\"150\" height=\"150\" src=\"https:\/\/terraepopolo.noblogs.org\/files\/2012\/09\/foto23-150x150.jpg\" class=\"attachment-thumbnail size-thumbnail\" alt=\"\" \/><\/a>\n\t\t\t<\/dt><\/dl>\n\t\t\t<br style='clear: both' \/>\n\t\t<\/div>\n\n<p><strong>[PRIMO REPORT]<\/strong><\/p>\n<p><em><strong>Questa \u00e8 l&#8217;unica prima pietra.<\/strong><\/em><\/p>\n<p><em><strong>Report della manifestazione di Terra e Popolo sulla mobilit\u00e0 pubblica.<\/strong><\/em><\/p>\n<p style=\"text-align: justify\">Alle 13: 30 i cittadini liberano i binari per lasciare passare il treno per Catanzaro, anche per non arrecare troppi danni ai passeggeri che fin dal primo momento hanno partecipato e manifestato consenso per la manifestazione di Terra e Popolo.<\/p>\n<p style=\"text-align: justify\">I cittadini che si sono radunati alla stazione di Rossano dalle 11:00 hanno atteso l\u2019arrivo del treno da Sibari, dove sono saliti gli studenti del Collettivo P2 Occupata dell\u2019Unical e dell\u2019Unione degli Studenti di Corigliano, i cittadini della Associazione Skatakatascia di Francavilla ed altri cittadini dell\u2019alto ionio e di Castrovillari.<\/p>\n<p style=\"text-align: justify\">A Rossano molti i cittadini hanno risposto all\u2019appello di Terra e Popolo, molti anche i cittadini venuti da Cariati insieme all\u2019Associazione Le Lampare, e presenti anche l\u2019Arci di Crotone, il movimento Adesso Basta, l\u2019Associazione Italia Prima.<\/p>\n<p style=\"text-align: justify\">Pi\u00f9 di un\u2019ora sui binari per sancire una svolta, un cambio di direzione storico per il nostro territorio, da decenni martoriato nel silenzio delle nostre comunit\u00e0.<\/p>\n<p style=\"text-align: justify\">Quella di stamattina \u00e8 l\u2019unica \u201cprima pietra\u201d reale posta sul nostro territorio, dopo tutte le prime pietre fantasma poste da una classe dirigente distante anni luce dai bisogni della comunit\u00e0: dagli ospedali alle ferrovie, ai tribunali, alle strade eccetera eccetera eccetera.<\/p>\n<p style=\"text-align: justify\">Una prima pietra posta dalla popolazione, una prima pietra che significa l\u2019inizio di una lunga mobilitazione per i nostri diritti, l\u2019inizio di una presa di coscienza delle nostre comunit\u00e0.<\/p>\n<p style=\"text-align: justify\">Questo \u00e8 solo l\u2019inizio. Non ci fermeremo fino a quando gli ultrapagati dirigenti delle ferrovie e dirigenti politici, responsabili di questo sfacelo, non saranno costretti ad esaudire le nostre richieste:<\/p>\n<p style=\"text-align: justify\">1. La restaurazione delle tratte a lunga percorrenza<\/p>\n<p style=\"text-align: justify\">2. La riapertura delle stazioni e dei servizi annesi<\/p>\n<p style=\"text-align: justify\">3. Il riequilibrio del sistema ferroviario nazionale con un piano di investimento sulle ferrovie del sud ed in particolare della fascia ionica.<\/p>\n<p style=\"text-align: justify\">Questo significa anche nuovi posti di lavoro, non per supportare torri di babele industriali, ma per offrire servizi al territorio. Questo signifia avere i servizi che la nostra terra merita. Questo significa sviluppo reale del nostro territorio e valorizzazione delle nostre risorse.<\/p>\n<p style=\"text-align: justify\">Questo \u00e8 solo l\u2019inizio.<\/p>\n<p><strong>[ULTIME INDICAZIONI \/ CONCENTRAMENTI \/ IN CASO DI MALTEMPO]<\/strong><\/p>\n<p>Mancano poche ore al primo atto della Mobilitazione per la mobilit\u00e0 pubblica sullo Ionio. Per i nottambuli e pegli internauti mattutini, le ultime indicazioni.<\/p>\n<p><strong>I concentramenti principali sono ALLA STAZIONE DI SIBARI alle ore 11:00 ed alla STAZIONE DI ROSSANO alla stessa ora. <\/strong><\/p>\n<p><strong><\/strong>I cittadini che provengono dall&#8217;Universit\u00e0, da Cosenza e dall&#8217;alto ionio, a partire da Corigliano Calabro, sono invitati ad aderire al concentramento di Sibari.<\/p>\n<p>I cittadini che provengono dal basso ionio e, ovviamente, da Crotone, sono invitati ad aderire al concentramento di Rossano.<\/p>\n<p><strong>LA MANIFESTAZIONE PREVEDE CHE I DUE CONCENTRAMENTI PRINCIPALI<\/strong><strong> SI UNIRANNO A ROSSANO SUL TRENO <\/strong><strong>PROVENIENTE DA SIBARI INTORNO ALLE ORE 12:00.<\/strong><\/p>\n<p><strong><\/strong>Sappiamo che cittadini provenienti da Cariati e da Rende\/Universit\u00e0 hanno organizzato dei loro concentramneti per unirsi in gruppo alla manifestazione. I concentramenti sono i seguenti:<\/p>\n<p><strong>STAZIONE DI CARIATI, ORE 9:00<\/strong><\/p>\n<p><strong>STAZIONE DI CASTIGLIONE COSENTINO, ORE 10:00<\/strong><\/p>\n<p>Infine una considerazione sul tempo atmosferico. Un tempo si diceva: &#8220;piove, governo ladro&#8221;. Giacch\u00e8 il governo ladro \u00e8 rimasto, la pioggia non ci coglier\u00e0 di sorpresa, e di certo non ci fermer\u00e0: ombrelli, giacche e via, alla presa del treno perduto, per ricominciare a costruire il presente del nostro territorio.<\/p>\n<h4 style=\"text-align: justify\"><strong>[Materiale]<\/strong><\/h4>\n<p style=\"text-align: justify\"><a href=\"https:\/\/terraepopolo.noblogs.org\/files\/2012\/09\/manifCMIK_2.jpg\"><img loading=\"lazy\" decoding=\"async\" class=\"alignleft size-medium wp-image-191\" alt=\"\" src=\"https:\/\/terraepopolo.noblogs.org\/files\/2012\/09\/manifCMIK_2-209x300.jpg\" width=\"209\" height=\"300\" srcset=\"https:\/\/terraepopolo.noblogs.org\/files\/2012\/09\/manifCMIK_2-209x300.jpg 209w, https:\/\/terraepopolo.noblogs.org\/files\/2012\/09\/manifCMIK_2-716x1024.jpg 716w, https:\/\/terraepopolo.noblogs.org\/files\/2012\/09\/manifCMIK_2.jpg 1000w\" sizes=\"auto, (max-width: 209px) 100vw, 209px\" \/><\/a><a href=\"https:\/\/terraepopolo.noblogs.org\/files\/2012\/09\/manifCMIK_2.jpg\">Locandina 1 a Colori . Versione WEB<\/a> ( 300 kb )<\/p>\n<p style=\"text-align: justify\"><a href=\"https:\/\/terraepopolo.noblogs.org\/files\/2012\/09\/manifCMIK_2_stampa.jpg\">Locandina 1 a Colori. Versione Stampa<\/a> (circa 9 Mb)<\/p>\n<p style=\"text-align: justify\"><a href=\"https:\/\/terraepopolo.noblogs.org\/files\/2012\/09\/Locandina-1-BN-web.jpg\">Locandina 1 B\/N. Versione WEB<\/a> (242 Kb)<\/p>\n<p style=\"text-align: justify\"><a href=\"https:\/\/terraepopolo.noblogs.org\/files\/2012\/09\/Locandina-1-BN-Stampa.jpg\">Locandina 1 B\/N. Versione Stampa<\/a> (3,70 Mb)<\/p>\n<p style=\"text-align: justify\"><a href=\"https:\/\/terraepopolo.noblogs.org\/files\/2012\/09\/banner.jpg\">Banner 1000 X 200 px<\/a><\/p>\n<p style=\"text-align: justify\"><a href=\"https:\/\/terraepopolo.noblogs.org\/files\/2012\/09\/copertina-facebook.jpg\">Copertina per facebook<\/a><\/p>\n<p style=\"text-align: justify\"><a href=\"https:\/\/terraepopolo.noblogs.org\/files\/2012\/09\/locandina-2-web.jpg\">Locandina 2 a Colori. Versione WEB<\/a> (364 Kb)<\/p>\n<p style=\"text-align: justify\"><a href=\"https:\/\/terraepopolo.noblogs.org\/files\/2012\/09\/locandina-2-stampa.jpg\">Locandina 2 a Colori. Versione Stampa<\/a> (11 Mb)<\/p>\n<p style=\"text-align: justify\"><a href=\"https:\/\/terraepopolo.noblogs.org\/files\/2012\/09\/Locandina-2-BN-Web.jpg\">Locandina 2. B\/N. Web<\/a> (293 Kb)<\/p>\n<p style=\"text-align: justify\"><a href=\"https:\/\/terraepopolo.noblogs.org\/files\/2012\/09\/Locandina-2-BN-Stampa.jpg\">Locandina 2. B\/N. Stampa<\/a> (circa 4 Mb)<\/p>\n<p style=\"text-align: justify\"><a href=\"https:\/\/terraepopolo.noblogs.org\/files\/2012\/09\/Appello-Convocazione-Mobilitazione-Ferrovie.pdf\">Appello a cittadini, associazioni, movimenti.<\/a><\/p>\n<p style=\"text-align: justify\"><span style=\"color: #ff0000\">{NUOVO}<\/span> <a href=\"https:\/\/terraepopolo.noblogs.org\/files\/2012\/09\/avviso-passeggeri.jpg\">Avviso per i passeggeri!<\/a><\/p>\n<h4 style=\"text-align: justify\"><strong>[Piattaforma]<\/strong><\/h4>\n<p style=\"text-align: justify\">Adesso basta. La sanit\u00e0, i trasporti, i treni, l&#8217;aria, l&#8217;acqua, il futuro.<\/p>\n<p style=\"text-align: justify\">Una classe dirigente irresponsabile, dai politici locali ai governi di centrodestra e centrosinistra, fino ai vertici delle aziende regionali e nazionali, ha reso il nostro territorio una periferia tra le periferie.<\/p>\n<p style=\"text-align: justify\">Il momento di mobilitarsi \u00e8 giunto da tempo e la strada da percorrere per valorizzare il nostro territorio e migliorare le condizioni di vita delle nostre popolazioni \u00e8 lunga. \u00c8 il momento di iniziare a percorrerla.<\/p>\n<p style=\"text-align: justify\">Il movimento Terra e Popolo promuove una prima giornata di mobilitazione popolare sul tema dei trasporti e della mobilit\u00e0 pubblica: le nostre ferrovie sono ormai un rottame inutile e spostarsi dalla costa ionica \u00e8 un&#8217;impresa ardua e costosa.<\/p>\n<p style=\"text-align: justify\">Una giornata con cui avvieremo un percorso unitario fra tutti i territori interessati, e che quindi sar\u00e0 il primo atto di una mobilitazione costante e permanente.<\/p>\n<p style=\"text-align: justify\">Una giornata di lotta senza compromessi, perch\u00e9 lo stato disastroso delle cose ci dimostra che le nostre comunit\u00e0 non hanno interlocutori ma solo controparti, a cui \u00e8 giunto il momento di imporre la volont\u00e0 popolare.<\/p>\n<p style=\"text-align: justify\">Anti-politica? Niente affatto: metteremo in pratica un ritorno alla politica, attraverso le idee e la partecipazione della nostra gente. Anti-politica, semmai, \u00e8 quella di questa classe dirigente distante anni luce dai bisogni delle comunit\u00e0.<\/p>\n<p style=\"text-align: justify\">Gli obiettivi della mobilitazione sono chiari ed irrevocabili:<\/p>\n<p style=\"text-align: justify\"><strong>1. La restaurazione delle tratte a lunga percorrenza<\/strong><\/p>\n<p style=\"text-align: justify\"><strong>2. La riapertura e messa in funzione delle stazioni, con servizi annessi.<\/strong><\/p>\n<p style=\"text-align: justify\"><strong>3. Un piano di investimenti sulle ferrovie del meridione ed in particolare della fascia ionica che riequilibri l&#8217;assetto ferroviario nazionale, con raddoppio, messa in sicurezza ed elettrificazione della rete ionica.<\/strong><\/p>\n<p style=\"text-align: justify\">L&#8217;appuntamento \u00e8 per SABATO 15 SETTEMBRE, alle ore 11:00 presso le STAZIONI FERROVIARIE di SIBARI e di ROSSANO.<\/p>\n<p style=\"text-align: justify\"><strong>I due concentramenti si congiungeranno..sul treno!<\/strong><\/p>\n<p style=\"text-align: justify\">Ci appelliamo a tutti i cittadini, le associazioni, i comitati ed i movimenti di tutta la fascia ionica affinch\u00e9 aderiscano e partecipino alla mobilitazione e con cui intendiamo avviare un percorso unitario di discussione e di lotta che non si fermer\u00e0 se non al raggiungimento degli obiettivi comuni.<\/p>\n<p style=\"text-align: justify\"><strong>[Adesioni]<\/strong><\/p>\n<p style=\"text-align: justify\"><strong> per aderire invia una mail a: terraepopolo@autistici.org<\/strong><\/p>\n","protected":false},"excerpt":{"rendered":"<p>Atto II &#8211; 16 Febbraio 2013 Comunicato di Lancio Locandina Materiale per Social Network e da stampare e diffondere Atto I &#8211; 15 Settembre 2012 [Galleria Fotografica] [PRIMO REPORT] Questa \u00e8 l&#8217;unica prima pietra. Report della manifestazione di Terra e &hellip; <a href=\"https:\/\/terraepopolo.noblogs.org\/?page_id=194\">Continua a leggere<span class=\"meta-nav\">&rarr;<\/span><\/a><\/p>\n","protected":false},"author":1569,"featured_media":279,"parent":0,"menu_order":0,"comment_status":"open","ping_status":"open","template":"","meta":{"footnotes":""},"class_list":["post-194","page","type-page","status-publish","has-post-thumbnail","hentry"],"_links":{"self":[{"href":"https:\/\/terraepopolo.noblogs.org\/index.php?rest_route=\/wp\/v2\/pages\/194","targetHints":{"allow":["GET"]}}],"collection":[{"href":"https:\/\/terraepopolo.noblogs.org\/index.php?rest_route=\/wp\/v2\/pages"}],"about":[{"href":"https:\/\/terraepopolo.noblogs.org\/index.php?rest_route=\/wp\/v2\/types\/page"}],"author":[{"embeddable":true,"href":"https:\/\/terraepopolo.noblogs.org\/index.php?rest_route=\/wp\/v2\/users\/1569"}],"replies":[{"embeddable":true,"href":"https:\/\/terraepopolo.noblogs.org\/index.php?rest_route=%2Fwp%2Fv2%2Fcomments&post=194"}],"version-history":[{"count":17,"href":"https:\/\/terraepopolo.noblogs.org\/index.php?rest_route=\/wp\/v2\/pages\/194\/revisions"}],"predecessor-version":[{"id":198,"href":"https:\/\/terraepopolo.noblogs.org\/index.php?rest_route=\/wp\/v2\/pages\/194\/revisions\/198"}],"wp:featuredmedia":[{"embeddable":true,"href":"https:\/\/terraepopolo.noblogs.org\/index.php?rest_route=\/wp\/v2\/media\/279"}],"wp:attachment":[{"href":"https:\/\/terraepopolo.noblogs.org\/index.php?rest_route=%2Fwp%2Fv2%2Fmedia&parent=194"}],"curies":[{"name":"wp","href":"https:\/\/api.w.org\/{rel}","templated":true}]}}