{"id":504,"date":"2013-02-12T13:47:59","date_gmt":"2013-02-12T12:47:59","guid":{"rendered":"http:\/\/terraepopolo.noblogs.org\/?page_id=504"},"modified":"2013-02-12T13:48:26","modified_gmt":"2013-02-12T12:48:26","slug":"atto-ii-16-febbraio-2013-comunicato-di-lancio","status":"publish","type":"page","link":"https:\/\/terraepopolo.noblogs.org\/?page_id=504","title":{"rendered":"Atto II &#8211; 16 Febbraio 2013 &#8211; Comunicato di Lancio"},"content":{"rendered":"<p align=\"RIGHT\"><span style=\"font-family: Arial,sans-serif\"><span style=\"font-size: medium\"><b>Rossano,<\/b><\/span><\/span><span style=\"font-family: Arial,sans-serif\"><span style=\"font-size: medium\"><b> 12 Febbraio 2013<\/b><\/span><\/span><\/p>\n<p align=\"LEFT\"><span style=\"font-family: Arial,sans-serif\"><span style=\"font-size: medium\"><i><span style=\"text-decoration: underline\"><b>Sabato 16 Febbraio, la Presa del Treno Perduto, Atto II<\/b><\/span><\/i><\/span><\/span><\/p>\n<p align=\"JUSTIFY\"><span style=\"font-family: Arial,sans-serif\"><span style=\"font-size: small\"><a href=\"https:\/\/terraepopolo.noblogs.org\/files\/2013\/02\/webversion_650.jpg\"><img loading=\"lazy\" decoding=\"async\" class=\"alignleft  wp-image-505\" alt=\"webversion_650\" src=\"https:\/\/terraepopolo.noblogs.org\/files\/2013\/02\/webversion_650.jpg\" width=\"273\" height=\"382\" srcset=\"https:\/\/terraepopolo.noblogs.org\/files\/2013\/02\/webversion_650.jpg 650w, https:\/\/terraepopolo.noblogs.org\/files\/2013\/02\/webversion_650-214x300.jpg 214w\" sizes=\"auto, (max-width: 273px) 100vw, 273px\" \/><\/a>In occasione della manifestazione nazionale organizzata dal Comitato Italiano Utenti Ferrovie Regionali, intitolata \u201cRiprendiamoci il Treno e le Stazioni\u201d, il Movimento Terra e Popolo, accompagnato da numerose associazioni del territorio, da Amendolara a Cir\u00f2 Marina, proseguir\u00e0 la campagna di mobilitazione e sensibilizzazione per la mobilit\u00e0 pubblica sullo Ionio. <\/span><\/span><\/p>\n<p align=\"JUSTIFY\"><span style=\"font-family: Arial,sans-serif\"><span style=\"font-size: small\">Come \u00e8 noto, lo slogan scelto per la campagna si ispira allo stato disastroso delle nostre ferrovie, che molti non esitano a definire da Far West. Il primo appuntamento de \u201cLa Presa del Treno Perduto\u201d, il 15 Settembre scorso ha registrato la partecipazione di centinaia di cittadini in presidio nella stazione di Rossano, che pacificamente e civilmente hanno manifestato il proprio dissenso nei confronti di un isolamento inaccettabile ed incivile in cui l&#8217;intera fascia ionica \u00e8 stata relegata. <\/span><\/span><\/p>\n<p align=\"JUSTIFY\">\u201c<span style=\"font-family: Arial,sans-serif\"><span style=\"font-size: small\">La presa del Treno Perduto \u2013 Atto II\u201d si terr\u00e0 nella Stazione di Sibari, simbolo dell&#8217;abbandono e della regressione delle nostre terre, e riserver\u00e0 numerosi colpi di scena.<\/span><\/span><\/p>\n<p align=\"JUSTIFY\"><span style=\"font-family: Arial,sans-serif\"><span style=\"font-size: small\">Lo scorso 4 dicembre \u00e8 stata inviata una lettera a tutti gli enti responsabili dei trasporti in Calabria, nel tentativo di aprire una interlocuzione ed un confronto necessario ed ormai urgente tra cittadini e istituzioni. Come ci aspettavamo, purtroppo, questo tentativo \u00e8 caduto nel vuoto, ed anche per questo, come pubblicamente annunciato, proseguiremo nella campagna di mobilitazione fino a che non si aprir\u00e0 un tavolo tra istituzioni e societ\u00e0 civile che discuta, pubblicamente e senza misteri: del ripristino delle tratte a lunga percorrenza ; della riapertura delle stazioni ; di un piano di investimento e di ammodernamento per le ferrovie del meridione ed in particolare della fascia ionica. <\/span><\/span><\/p>\n<p align=\"JUSTIFY\"><span style=\"font-family: Arial,sans-serif\"><span style=\"font-size: small\">Abbiamo invitato a sottoscrivere la lettera e, contestualmente, a partecipare al presidio di Sabato prossimo, anche gli amministratori locali, che siamo certi daranno la loro testimonianza e rafforzeranno la nostra sacrosanta battaglia. <\/span><\/span><\/p>\n<p align=\"JUSTIFY\"><span style=\"font-family: Arial,sans-serif\"><span style=\"font-size: small\">Non ci fermeremo fino a quando un diritto inalienabile, sancito dai principi della comunit\u00e0 europea e dalla carta dei diritti dell&#8217;uomo come il Diritto alla Mobilit\u00e0, non sar\u00e0 finalmente riconosciuto anche alla nostra gente. Fino a quando questo non avverr\u00e0, la nostra societ\u00e0, di fatto, non pu\u00f2 definirsi civile. <\/span><\/span><\/p>\n<p align=\"JUSTIFY\"><span style=\"font-family: Arial,sans-serif\"><span style=\"font-size: small\">Appuntamento alla stazione di Sibari, Sabato 16 Febbraio, a partire dalle ore 9:00. <\/span><\/span><\/p>\n<p align=\"RIGHT\"><i><span style=\"font-family: Arial,sans-serif\"><span style=\"font-size: medium\">Il Comitato Promotore<\/span><\/span><\/i><\/p>\n<p align=\"RIGHT\"><i><span style=\"font-family: Arial,sans-serif\"><span style=\"font-size: medium\">La presa del Treno Perduto<\/span><\/span><\/i><\/p>\n<p align=\"RIGHT\"><span style=\"font-size: small\"><i><span style=\"font-family: Arial,sans-serif\">(Associazioni e Movimenti dello Ionio Calabrese)<\/span><\/i><\/span><\/p>\n<p align=\"RIGHT\"><span style=\"font-family: Arial,sans-serif\"><span style=\"font-size: xx-small\">info:<\/span><\/span><span style=\"font-family: Arial,sans-serif\"><span style=\"font-size: xx-small\"> <a href=\"mailto:trenoperduto@gmail.com\">trenoperduto@gmail.com<\/a><\/span><\/span><\/p>\n","protected":false},"excerpt":{"rendered":"<p>Rossano, 12 Febbraio 2013 Sabato 16 Febbraio, la Presa del Treno Perduto, Atto II In occasione della manifestazione nazionale organizzata dal Comitato Italiano Utenti Ferrovie Regionali, intitolata \u201cRiprendiamoci il Treno e le Stazioni\u201d, il Movimento Terra e Popolo, accompagnato da &hellip; <a href=\"https:\/\/terraepopolo.noblogs.org\/?page_id=504\">Continua a leggere<span class=\"meta-nav\">&rarr;<\/span><\/a><\/p>\n","protected":false},"author":1569,"featured_media":506,"parent":194,"menu_order":0,"comment_status":"open","ping_status":"open","template":"","meta":{"footnotes":""},"class_list":["post-504","page","type-page","status-publish","has-post-thumbnail","hentry"],"_links":{"self":[{"href":"https:\/\/terraepopolo.noblogs.org\/index.php?rest_route=\/wp\/v2\/pages\/504","targetHints":{"allow":["GET"]}}],"collection":[{"href":"https:\/\/terraepopolo.noblogs.org\/index.php?rest_route=\/wp\/v2\/pages"}],"about":[{"href":"https:\/\/terraepopolo.noblogs.org\/index.php?rest_route=\/wp\/v2\/types\/page"}],"author":[{"embeddable":true,"href":"https:\/\/terraepopolo.noblogs.org\/index.php?rest_route=\/wp\/v2\/users\/1569"}],"replies":[{"embeddable":true,"href":"https:\/\/terraepopolo.noblogs.org\/index.php?rest_route=%2Fwp%2Fv2%2Fcomments&post=504"}],"version-history":[{"count":3,"href":"https:\/\/terraepopolo.noblogs.org\/index.php?rest_route=\/wp\/v2\/pages\/504\/revisions"}],"predecessor-version":[{"id":510,"href":"https:\/\/terraepopolo.noblogs.org\/index.php?rest_route=\/wp\/v2\/pages\/504\/revisions\/510"}],"up":[{"embeddable":true,"href":"https:\/\/terraepopolo.noblogs.org\/index.php?rest_route=\/wp\/v2\/pages\/194"}],"wp:featuredmedia":[{"embeddable":true,"href":"https:\/\/terraepopolo.noblogs.org\/index.php?rest_route=\/wp\/v2\/media\/506"}],"wp:attachment":[{"href":"https:\/\/terraepopolo.noblogs.org\/index.php?rest_route=%2Fwp%2Fv2%2Fmedia&parent=504"}],"curies":[{"name":"wp","href":"https:\/\/api.w.org\/{rel}","templated":true}]}}